{"id":812,"date":"2024-03-17T18:31:29","date_gmt":"2024-03-17T17:31:29","guid":{"rendered":"https:\/\/bezuglade.thedevelop.top\/home\/"},"modified":"2026-03-04T20:29:27","modified_gmt":"2026-03-04T19:29:27","slug":"home","status":"publish","type":"page","link":"https:\/\/bezuglade.thedevelop.top\/en\/","title":{"rendered":"Home"},"content":{"rendered":"\n<div class=\"tm-banner tm-container tm-margin-3xlarge-bottom\"  style=\"background-image:url(https:\/\/bezuglade.thedevelop.top\/wp-content\/uploads\/2026\/02\/bg-banner.jpg);\" >\n    <div class=\"tm-centered-content\">\n        <div class=\"tm-grid\">\n            <div class=\"tm-grid__width-6-10\">\n                <div class=\"tm-banner__column\">\n                    <h1 class=\"tm-margin-default-bottom bold\">Zentrum f\u00fcr Pr\u00e4vention<br>\r\nund Ern\u00e4hrung<\/h1>\n                    <div class=\"tm-banner__text tm-h2 tm-margin-large-bottom\">\n                        <p data-start=\"1004\" data-end=\"1190\">Wir analysieren funktionelle Zusammenh\u00e4nge, interpretieren Befunde und entwickeln strukturierte Pr\u00e4ventionsstrategien.<\/p>\n<p data-start=\"1192\" data-end=\"1205\">\n                    <\/div>\n                    <div class=\"tm-content-btn\">\n                        <a href=\"\/unsere-pakete\/\">Unsere Pakete ansehen<\/a>\n                    <\/div>\n                <\/div>\n            <\/div>\n            <div class=\"tm-grid__width-4-10\">\n                <div class=\"tm-banner__img tm-flex\">\n                                            <img decoding=\"async\" src=\"https:\/\/bezuglade.thedevelop.top\/wp-content\/uploads\/2026\/02\/olga-2.png\" alt=\"\" \/>\n                                    <\/div>\n            <\/div>\n        <\/div>\n    <\/div>\n<\/div>\n\n\n<div class=\"tm-numbers tm-margin-3xlarge-bottom\">\n    <div class=\"tm-grid\">\n        <div class=\"tm-grid__width-1-3\">\n            <div class=\"tm-numbers-card text-center\">\n                <div class=\"tm-numbers-card__number tm-h1 bold tm-margin-default-bottom\">\n                    1.3k                <\/div>\n                <div class=\"tm-numbers-card__text\">\n                    durchgef\u00fchrte<br>beratungen                <\/div>\n            <\/div>\n        <\/div>\n        <div class=\"tm-grid__width-1-3\">\n            <div class=\"tm-numbers-card text-center\">\n                <div class=\"tm-numbers-card__number tm-h1 bold tm-margin-default-bottom\">\n                    4.9                <\/div>\n                <div class=\"tm-numbers-card__text\">\n                    durchschnittliche<br>kundenbewertung                <\/div>\n            <\/div>\n        <\/div>\n        <div class=\"tm-grid__width-1-3\">\n            <div class=\"tm-numbers-card text-center\">\n                <div class=\"tm-numbers-card__number tm-h1 bold tm-margin-default-bottom\">\n                    17                <\/div>\n                <div class=\"tm-numbers-card__text\">\n                    jahre<br>erfahrung                <\/div>\n            <\/div>\n        <\/div>\n    <\/div>\n<\/div>\n\n\n<p class=\"tm-h1 light tm-margin-3xlarge-bottom\">Wir unterst\u00fctzen Menschen dabei, ihre Gesundheit und ihren Lebensstil nachhaltig zu verbessern \u2013 durch pr\u00e4ventive Ern\u00e4hrungskonzepte, individuelle Beratung und objektive K\u00f6rperanalysen.<\/p>\n\n\n\n<div class=\"tm-inbody tm-margin-3xlarge-bottom\">\n    <div class=\"tm-grid\">\n        <div class=\"tm-grid__width-6-10\">\n                            <img decoding=\"async\" src=\"https:\/\/bezuglade.thedevelop.top\/wp-content\/uploads\/2026\/02\/inbody.png\" alt=\"\" \/>\n                    <\/div>\n        <div class=\"tm-grid__width-4-10\">\n            <div class=\"tm-flex tm-flex-middle tm-flex-column tm-row-gap30\">\n                <div class=\"tm-inbody-circle tm-h1\">\n                    InBody<br>270                <\/div>\n                <div class=\"tm-inbody-link tm-flex tm-flex-center tm-read\">\n                    <a href=\"https:\/\/bezuglade.thedevelop.top\/inbody-270\/\">InBody 270 kennenlernen<\/a>\n                <\/div>\n            <\/div>\n        <\/div>\n    <\/div>\n<\/div>\n\n\n<div class=\"tm-about tm-container tm-margin-3xlarge-bottom\">\n    <div class=\"tm-centered-content\">\n        <div class=\"tm-about__content tm-h1 light\">\n            <p>Das Zentrum f\u00fcr Pr\u00e4vention und Ern\u00e4hrung konzentriert sich auf pr\u00e4ventive Gesundheitskonzepte und evidenzbasierte Ern\u00e4hrungsberatung. Unser Fokus liegt auf langfristiger Gesundheitsf\u00f6rderung, individueller Analyse und nachhaltigen Routinen im Alltag.<\/p>\n        <\/div>\n        <div class=\"tm-about__sub light\">\n            \u00dcBER UNS        <\/div>\n    <\/div>\n<\/div>\n\n\n<div class=\"wp-block-columns tm-margin-2xlarge-bottom is-layout-flex wp-container-core-columns-is-layout-9d6595d7 wp-block-columns-is-layout-flex\">\n<div class=\"wp-block-column is-layout-flow wp-block-column-is-layout-flow\" style=\"flex-basis:40%\">\n<p class=\"tm-h1\">Philosophie<\/p>\n<\/div>\n\n\n\n<div class=\"wp-block-column is-layout-flow wp-block-column-is-layout-flow\" style=\"flex-basis:60%\">\n<div class=\"tm-list tm-flex tm-flex-column tm-row-gap30\">\n        \n                            <div class=\"tm-list-item\">\n                    Pr\u00e4vention statt kurzfristiger L\u00f6sungen                <\/div>\n                            <div class=\"tm-list-item\">\n                    Wissenschaft statt Trends                <\/div>\n                            <div class=\"tm-list-item\">\n                    Individuelle Strategien                <\/div>\n                            <div class=\"tm-list-item\">\n                    Alltagstaugliche Umsetzung                <\/div>\n              \n     \n<\/div><\/div>\n<\/div>\n","protected":false},"excerpt":{"rendered":"<p>Wir unterst\u00fctzen Menschen dabei, ihre Gesundheit und ihren Lebensstil nachhaltig zu verbessern \u2013 durch pr\u00e4ventive Ern\u00e4hrungskonzepte, individuelle Beratung und objektive K\u00f6rperanalysen. Philosophie<\/p>\n","protected":false},"author":1,"featured_media":0,"parent":0,"menu_order":0,"comment_status":"closed","ping_status":"closed","template":"page-notitle.php","meta":{"_acf_changed":false,"inline_featured_image":false,"footnotes":""},"class_list":["post-812","page","type-page","status-publish","hentry"],"acf":[],"yoast_head":"<!-- This site is optimized with the Yoast SEO plugin v26.9 - https:\/\/yoast.com\/product\/yoast-seo-wordpress\/ -->\n<title>Home - Zentrum f\u00fcr Pr\u00e4vention und Ern\u00e4hrung<\/title>\n<meta name=\"robots\" content=\"noindex, follow, max-snippet:-1, max-image-preview:large, max-video-preview:-1\" \/>\n<meta property=\"og:locale\" content=\"en_US\" \/>\n<meta property=\"og:type\" content=\"article\" \/>\n<meta property=\"og:title\" content=\"Home - Zentrum f\u00fcr Pr\u00e4vention und Ern\u00e4hrung\" \/>\n<meta property=\"og:description\" content=\"Wir unterst\u00fctzen Menschen dabei, ihre Gesundheit und ihren Lebensstil nachhaltig zu verbessern \u2013 durch pr\u00e4ventive Ern\u00e4hrungskonzepte, individuelle Beratung und objektive K\u00f6rperanalysen. Philosophie\" \/>\n<meta property=\"og:url\" content=\"https:\/\/bezuglade.thedevelop.top\/en\/\" \/>\n<meta property=\"og:site_name\" content=\"Zentrum f\u00fcr Pr\u00e4vention und Ern\u00e4hrung\" \/>\n<meta property=\"article:modified_time\" content=\"2026-03-04T19:29:27+00:00\" \/>\n<meta property=\"og:image\" content=\"https:\/\/bezuglade.thedevelop.top\/wp-content\/uploads\/2026\/02\/logo-czentrum.png\" \/>\n\t<meta property=\"og:image:width\" content=\"420\" \/>\n\t<meta property=\"og:image:height\" content=\"335\" \/>\n\t<meta property=\"og:image:type\" content=\"image\/png\" \/>\n<meta name=\"twitter:card\" content=\"summary_large_image\" \/>\n<script type=\"application\/ld+json\" class=\"yoast-schema-graph\">{\"@context\":\"https:\/\/schema.org\",\"@graph\":[{\"@type\":\"WebPage\",\"@id\":\"https:\/\/bezuglade.thedevelop.top\/en\/\",\"url\":\"https:\/\/bezuglade.thedevelop.top\/en\/\",\"name\":\"Home - Zentrum f\u00fcr Pr\u00e4vention und Ern\u00e4hrung\",\"isPartOf\":{\"@id\":\"https:\/\/bezuglade.thedevelop.top\/en\/#website\"},\"datePublished\":\"2024-03-17T17:31:29+00:00\",\"dateModified\":\"2026-03-04T19:29:27+00:00\",\"breadcrumb\":{\"@id\":\"https:\/\/bezuglade.thedevelop.top\/en\/#breadcrumb\"},\"inLanguage\":\"en-US\",\"potentialAction\":[{\"@type\":\"ReadAction\",\"target\":[\"https:\/\/bezuglade.thedevelop.top\/en\/\"]}]},{\"@type\":\"BreadcrumbList\",\"@id\":\"https:\/\/bezuglade.thedevelop.top\/en\/#breadcrumb\",\"itemListElement\":[{\"@type\":\"ListItem\",\"position\":1,\"name\":\"Home\",\"item\":\"https:\/\/bezuglade.thedevelop.top\/en\/home\/\"},{\"@type\":\"ListItem\",\"position\":2,\"name\":\"Home\"}]},{\"@type\":\"WebSite\",\"@id\":\"https:\/\/bezuglade.thedevelop.top\/en\/#website\",\"url\":\"https:\/\/bezuglade.thedevelop.top\/en\/\",\"name\":\"Zentrum f\u00fcr Pr\u00e4vention und Ern\u00e4hrung\",\"description\":\"Evidenzbasierte Ern\u00e4hrungsberatung und Pr\u00e4vention in Berlin\",\"publisher\":{\"@id\":\"https:\/\/bezuglade.thedevelop.top\/en\/#organization\"},\"alternateName\":\"Pr\u00e4vention & Ern\u00e4hrung Berlin\",\"potentialAction\":[{\"@type\":\"SearchAction\",\"target\":{\"@type\":\"EntryPoint\",\"urlTemplate\":\"https:\/\/bezuglade.thedevelop.top\/en\/?s={search_term_string}\"},\"query-input\":{\"@type\":\"PropertyValueSpecification\",\"valueRequired\":true,\"valueName\":\"search_term_string\"}}],\"inLanguage\":\"en-US\"},{\"@type\":\"Organization\",\"@id\":\"https:\/\/bezuglade.thedevelop.top\/en\/#organization\",\"name\":\"Zentrum f\u00fcr Pr\u00e4vention und Ern\u00e4hrung\",\"alternateName\":\"Pr\u00e4vention & Ern\u00e4hrung Berlin\",\"url\":\"https:\/\/bezuglade.thedevelop.top\/en\/\",\"logo\":{\"@type\":\"ImageObject\",\"inLanguage\":\"en-US\",\"@id\":\"https:\/\/bezuglade.thedevelop.top\/en\/#\/schema\/logo\/image\/\",\"url\":\"https:\/\/bezuglade.thedevelop.top\/wp-content\/uploads\/2026\/02\/logo-czentrum.png\",\"contentUrl\":\"https:\/\/bezuglade.thedevelop.top\/wp-content\/uploads\/2026\/02\/logo-czentrum.png\",\"width\":420,\"height\":335,\"caption\":\"Zentrum f\u00fcr Pr\u00e4vention und Ern\u00e4hrung\"},\"image\":{\"@id\":\"https:\/\/bezuglade.thedevelop.top\/en\/#\/schema\/logo\/image\/\"}}]}<\/script>\n<!-- \/ Yoast SEO plugin. -->","yoast_head_json":{"title":"Home - Zentrum f\u00fcr Pr\u00e4vention und Ern\u00e4hrung","robots":{"index":"noindex","follow":"follow","max-snippet":"max-snippet:-1","max-image-preview":"max-image-preview:large","max-video-preview":"max-video-preview:-1"},"og_locale":"en_US","og_type":"article","og_title":"Home - Zentrum f\u00fcr Pr\u00e4vention und Ern\u00e4hrung","og_description":"Wir unterst\u00fctzen Menschen dabei, ihre Gesundheit und ihren Lebensstil nachhaltig zu verbessern \u2013 durch pr\u00e4ventive Ern\u00e4hrungskonzepte, individuelle Beratung und objektive K\u00f6rperanalysen. Philosophie","og_url":"https:\/\/bezuglade.thedevelop.top\/en\/","og_site_name":"Zentrum f\u00fcr Pr\u00e4vention und Ern\u00e4hrung","article_modified_time":"2026-03-04T19:29:27+00:00","og_image":[{"width":420,"height":335,"url":"https:\/\/bezuglade.thedevelop.top\/wp-content\/uploads\/2026\/02\/logo-czentrum.png","type":"image\/png"}],"twitter_card":"summary_large_image","schema":{"@context":"https:\/\/schema.org","@graph":[{"@type":"WebPage","@id":"https:\/\/bezuglade.thedevelop.top\/en\/","url":"https:\/\/bezuglade.thedevelop.top\/en\/","name":"Home - Zentrum f\u00fcr Pr\u00e4vention und Ern\u00e4hrung","isPartOf":{"@id":"https:\/\/bezuglade.thedevelop.top\/en\/#website"},"datePublished":"2024-03-17T17:31:29+00:00","dateModified":"2026-03-04T19:29:27+00:00","breadcrumb":{"@id":"https:\/\/bezuglade.thedevelop.top\/en\/#breadcrumb"},"inLanguage":"en-US","potentialAction":[{"@type":"ReadAction","target":["https:\/\/bezuglade.thedevelop.top\/en\/"]}]},{"@type":"BreadcrumbList","@id":"https:\/\/bezuglade.thedevelop.top\/en\/#breadcrumb","itemListElement":[{"@type":"ListItem","position":1,"name":"Home","item":"https:\/\/bezuglade.thedevelop.top\/en\/home\/"},{"@type":"ListItem","position":2,"name":"Home"}]},{"@type":"WebSite","@id":"https:\/\/bezuglade.thedevelop.top\/en\/#website","url":"https:\/\/bezuglade.thedevelop.top\/en\/","name":"Zentrum f\u00fcr Pr\u00e4vention und Ern\u00e4hrung","description":"Evidenzbasierte Ern\u00e4hrungsberatung und Pr\u00e4vention in Berlin","publisher":{"@id":"https:\/\/bezuglade.thedevelop.top\/en\/#organization"},"alternateName":"Pr\u00e4vention & Ern\u00e4hrung Berlin","potentialAction":[{"@type":"SearchAction","target":{"@type":"EntryPoint","urlTemplate":"https:\/\/bezuglade.thedevelop.top\/en\/?s={search_term_string}"},"query-input":{"@type":"PropertyValueSpecification","valueRequired":true,"valueName":"search_term_string"}}],"inLanguage":"en-US"},{"@type":"Organization","@id":"https:\/\/bezuglade.thedevelop.top\/en\/#organization","name":"Zentrum f\u00fcr Pr\u00e4vention und Ern\u00e4hrung","alternateName":"Pr\u00e4vention & Ern\u00e4hrung Berlin","url":"https:\/\/bezuglade.thedevelop.top\/en\/","logo":{"@type":"ImageObject","inLanguage":"en-US","@id":"https:\/\/bezuglade.thedevelop.top\/en\/#\/schema\/logo\/image\/","url":"https:\/\/bezuglade.thedevelop.top\/wp-content\/uploads\/2026\/02\/logo-czentrum.png","contentUrl":"https:\/\/bezuglade.thedevelop.top\/wp-content\/uploads\/2026\/02\/logo-czentrum.png","width":420,"height":335,"caption":"Zentrum f\u00fcr Pr\u00e4vention und Ern\u00e4hrung"},"image":{"@id":"https:\/\/bezuglade.thedevelop.top\/en\/#\/schema\/logo\/image\/"}}]}},"_links":{"self":[{"href":"https:\/\/bezuglade.thedevelop.top\/en\/wp-json\/wp\/v2\/pages\/812","targetHints":{"allow":["GET"]}}],"collection":[{"href":"https:\/\/bezuglade.thedevelop.top\/en\/wp-json\/wp\/v2\/pages"}],"about":[{"href":"https:\/\/bezuglade.thedevelop.top\/en\/wp-json\/wp\/v2\/types\/page"}],"author":[{"embeddable":true,"href":"https:\/\/bezuglade.thedevelop.top\/en\/wp-json\/wp\/v2\/users\/1"}],"replies":[{"embeddable":true,"href":"https:\/\/bezuglade.thedevelop.top\/en\/wp-json\/wp\/v2\/comments?post=812"}],"version-history":[{"count":3,"href":"https:\/\/bezuglade.thedevelop.top\/en\/wp-json\/wp\/v2\/pages\/812\/revisions"}],"predecessor-version":[{"id":977,"href":"https:\/\/bezuglade.thedevelop.top\/en\/wp-json\/wp\/v2\/pages\/812\/revisions\/977"}],"wp:attachment":[{"href":"https:\/\/bezuglade.thedevelop.top\/en\/wp-json\/wp\/v2\/media?parent=812"}],"curies":[{"name":"wp","href":"https:\/\/api.w.org\/{rel}","templated":true}]}}