{"id":818,"date":"2026-02-20T21:57:44","date_gmt":"2026-02-20T20:57:44","guid":{"rendered":"https:\/\/bezuglade.thedevelop.top\/general-terms-and-conditions-agb\/"},"modified":"2026-02-21T22:26:03","modified_gmt":"2026-02-21T21:26:03","slug":"general-terms-and-conditions-agb","status":"publish","type":"page","link":"https:\/\/bezuglade.thedevelop.top\/en\/general-terms-and-conditions-agb\/","title":{"rendered":"General Terms and Conditions (AGB)"},"content":{"rendered":"\n<p><strong>\u00a71 Geltungsbereich<br><\/strong>Diese AGB gelten f\u00fcr alle Vertr\u00e4ge zwischen dem Zentrum f\u00fcr Pr\u00e4vention und Ern\u00e4hrung und dem Kunden.<\/p>\n\n\n\n<p><strong>\u00a72 Leistungen<br><\/strong>Gegenstand sind:<br>\u2013 Ern\u00e4hrungsberatung (online und in Pr\u00e4senz)<br>\u2013 Pr\u00e4ventionsprogramme<br>\u2013 Digitale Informationsprodukte<br>\u2013 Online-Kurse<br>\u2013 Verkauf von Nahrungserg\u00e4nzungsmitteln<\/p>\n\n\n\n<p><strong>\u00a73 Vertragsschluss<br><\/strong>Der Vertrag kommt durch Buchung und Zahlungsbest\u00e4tigung zustande.<\/p>\n\n\n\n<p><strong>\u00a74 Preise<br><\/strong>Alle Preise sind Endpreise.<br>Gem\u00e4\u00df \u00a7 19 UStG wird keine Umsatzsteuer ausgewiesen.<\/p>\n\n\n\n<p><strong>\u00a75 Zahlungsbedingungen<br><\/strong>Die Zahlung erfolgt per \u00dcberweisung oder \u00fcber angebotene Zahlungsdienstleister.<\/p>\n\n\n\n<p><strong>\u00a76 Widerrufsrecht<br><\/strong>Verbrauchern steht ein gesetzliches Widerrufsrecht zu (siehe separate Widerrufsbelehrung).<\/p>\n\n\n\n<p><strong>\u00a77 Haftung<br><\/strong>Die Haftung ist auf Vorsatz und grobe Fahrl\u00e4ssigkeit beschr\u00e4nkt.<\/p>\n\n\n\n<p><strong>\u00a78 Beratungshinweis<br><\/strong>Die angebotenen Leistungen dienen der Pr\u00e4vention und Ern\u00e4hrungsberatung und ersetzen keine \u00e4rztliche Diagnose oder Behandlung.<\/p>\n\n\n\n<p><strong>\u00a79 Schlussbestimmungen<br><\/strong>Es gilt deutsches Recht.<\/p>\n","protected":false},"excerpt":{"rendered":"<p>\u00a71 GeltungsbereichDiese AGB gelten f\u00fcr alle Vertr\u00e4ge zwischen dem Zentrum f\u00fcr Pr\u00e4vention und Ern\u00e4hrung und dem Kunden. \u00a72 LeistungenGegenstand sind:\u2013 Ern\u00e4hrungsberatung (online und in Pr\u00e4senz)\u2013 Pr\u00e4ventionsprogramme\u2013 Digitale Informationsprodukte\u2013 Online-Kurse\u2013 Verkauf von Nahrungserg\u00e4nzungsmitteln \u00a73 VertragsschlussDer Vertrag kommt durch Buchung und Zahlungsbest\u00e4tigung zustande. \u00a74 PreiseAlle Preise sind Endpreise.Gem\u00e4\u00df \u00a7 19 UStG wird keine Umsatzsteuer ausgewiesen. \u00a75 ZahlungsbedingungenDie [&hellip;]<\/p>\n","protected":false},"author":1,"featured_media":0,"parent":0,"menu_order":0,"comment_status":"closed","ping_status":"closed","template":"","meta":{"_acf_changed":false,"inline_featured_image":false,"footnotes":""},"class_list":["post-818","page","type-page","status-publish","hentry"],"acf":[],"yoast_head":"<!-- This site is optimized with the Yoast SEO plugin v26.9 - https:\/\/yoast.com\/product\/yoast-seo-wordpress\/ -->\n<title>General Terms and Conditions (AGB) - Zentrum f\u00fcr Pr\u00e4vention und Ern\u00e4hrung<\/title>\n<meta name=\"robots\" content=\"noindex, follow, max-snippet:-1, max-image-preview:large, max-video-preview:-1\" \/>\n<meta property=\"og:locale\" content=\"en_US\" \/>\n<meta property=\"og:type\" content=\"article\" \/>\n<meta property=\"og:title\" content=\"General Terms and Conditions (AGB) - Zentrum f\u00fcr Pr\u00e4vention und Ern\u00e4hrung\" \/>\n<meta property=\"og:description\" content=\"\u00a71 GeltungsbereichDiese AGB gelten f\u00fcr alle Vertr\u00e4ge zwischen dem Zentrum f\u00fcr Pr\u00e4vention und Ern\u00e4hrung und dem Kunden. \u00a72 LeistungenGegenstand sind:\u2013 Ern\u00e4hrungsberatung (online und in Pr\u00e4senz)\u2013 Pr\u00e4ventionsprogramme\u2013 Digitale Informationsprodukte\u2013 Online-Kurse\u2013 Verkauf von Nahrungserg\u00e4nzungsmitteln \u00a73 VertragsschlussDer Vertrag kommt durch Buchung und Zahlungsbest\u00e4tigung zustande. \u00a74 PreiseAlle Preise sind Endpreise.Gem\u00e4\u00df \u00a7 19 UStG wird keine Umsatzsteuer ausgewiesen. \u00a75 ZahlungsbedingungenDie [&hellip;]\" \/>\n<meta property=\"og:url\" content=\"https:\/\/bezuglade.thedevelop.top\/en\/general-terms-and-conditions-agb\/\" \/>\n<meta property=\"og:site_name\" content=\"Zentrum f\u00fcr Pr\u00e4vention und Ern\u00e4hrung\" \/>\n<meta property=\"article:modified_time\" content=\"2026-02-21T21:26:03+00:00\" \/>\n<meta property=\"og:image\" content=\"https:\/\/bezuglade.thedevelop.top\/wp-content\/uploads\/2026\/02\/logo-czentrum.png\" \/>\n\t<meta property=\"og:image:width\" content=\"420\" \/>\n\t<meta property=\"og:image:height\" content=\"335\" \/>\n\t<meta property=\"og:image:type\" content=\"image\/png\" \/>\n<meta name=\"twitter:card\" content=\"summary_large_image\" \/>\n<meta name=\"twitter:label1\" content=\"Est. reading time\" \/>\n\t<meta name=\"twitter:data1\" content=\"1 minute\" \/>\n<script type=\"application\/ld+json\" class=\"yoast-schema-graph\">{\"@context\":\"https:\/\/schema.org\",\"@graph\":[{\"@type\":\"WebPage\",\"@id\":\"https:\/\/bezuglade.thedevelop.top\/en\/general-terms-and-conditions-agb\/\",\"url\":\"https:\/\/bezuglade.thedevelop.top\/en\/general-terms-and-conditions-agb\/\",\"name\":\"General Terms and Conditions (AGB) - Zentrum f\u00fcr Pr\u00e4vention und Ern\u00e4hrung\",\"isPartOf\":{\"@id\":\"https:\/\/bezuglade.thedevelop.top\/en\/#website\"},\"datePublished\":\"2026-02-20T20:57:44+00:00\",\"dateModified\":\"2026-02-21T21:26:03+00:00\",\"breadcrumb\":{\"@id\":\"https:\/\/bezuglade.thedevelop.top\/en\/general-terms-and-conditions-agb\/#breadcrumb\"},\"inLanguage\":\"en-US\",\"potentialAction\":[{\"@type\":\"ReadAction\",\"target\":[\"https:\/\/bezuglade.thedevelop.top\/en\/general-terms-and-conditions-agb\/\"]}]},{\"@type\":\"BreadcrumbList\",\"@id\":\"https:\/\/bezuglade.thedevelop.top\/en\/general-terms-and-conditions-agb\/#breadcrumb\",\"itemListElement\":[{\"@type\":\"ListItem\",\"position\":1,\"name\":\"Home\",\"item\":\"https:\/\/bezuglade.thedevelop.top\/en\/home\/\"},{\"@type\":\"ListItem\",\"position\":2,\"name\":\"General Terms and Conditions (AGB)\"}]},{\"@type\":\"WebSite\",\"@id\":\"https:\/\/bezuglade.thedevelop.top\/en\/#website\",\"url\":\"https:\/\/bezuglade.thedevelop.top\/en\/\",\"name\":\"Zentrum f\u00fcr Pr\u00e4vention und Ern\u00e4hrung\",\"description\":\"Evidenzbasierte Ern\u00e4hrungsberatung und Pr\u00e4vention in Berlin\",\"publisher\":{\"@id\":\"https:\/\/bezuglade.thedevelop.top\/en\/#organization\"},\"alternateName\":\"Pr\u00e4vention & Ern\u00e4hrung Berlin\",\"potentialAction\":[{\"@type\":\"SearchAction\",\"target\":{\"@type\":\"EntryPoint\",\"urlTemplate\":\"https:\/\/bezuglade.thedevelop.top\/en\/?s={search_term_string}\"},\"query-input\":{\"@type\":\"PropertyValueSpecification\",\"valueRequired\":true,\"valueName\":\"search_term_string\"}}],\"inLanguage\":\"en-US\"},{\"@type\":\"Organization\",\"@id\":\"https:\/\/bezuglade.thedevelop.top\/en\/#organization\",\"name\":\"Zentrum f\u00fcr Pr\u00e4vention und Ern\u00e4hrung\",\"alternateName\":\"Pr\u00e4vention & Ern\u00e4hrung Berlin\",\"url\":\"https:\/\/bezuglade.thedevelop.top\/en\/\",\"logo\":{\"@type\":\"ImageObject\",\"inLanguage\":\"en-US\",\"@id\":\"https:\/\/bezuglade.thedevelop.top\/en\/#\/schema\/logo\/image\/\",\"url\":\"https:\/\/bezuglade.thedevelop.top\/wp-content\/uploads\/2026\/02\/logo-czentrum.png\",\"contentUrl\":\"https:\/\/bezuglade.thedevelop.top\/wp-content\/uploads\/2026\/02\/logo-czentrum.png\",\"width\":420,\"height\":335,\"caption\":\"Zentrum f\u00fcr Pr\u00e4vention und Ern\u00e4hrung\"},\"image\":{\"@id\":\"https:\/\/bezuglade.thedevelop.top\/en\/#\/schema\/logo\/image\/\"}}]}<\/script>\n<!-- \/ Yoast SEO plugin. -->","yoast_head_json":{"title":"General Terms and Conditions (AGB) - Zentrum f\u00fcr Pr\u00e4vention und Ern\u00e4hrung","robots":{"index":"noindex","follow":"follow","max-snippet":"max-snippet:-1","max-image-preview":"max-image-preview:large","max-video-preview":"max-video-preview:-1"},"og_locale":"en_US","og_type":"article","og_title":"General Terms and Conditions (AGB) - Zentrum f\u00fcr Pr\u00e4vention und Ern\u00e4hrung","og_description":"\u00a71 GeltungsbereichDiese AGB gelten f\u00fcr alle Vertr\u00e4ge zwischen dem Zentrum f\u00fcr Pr\u00e4vention und Ern\u00e4hrung und dem Kunden. \u00a72 LeistungenGegenstand sind:\u2013 Ern\u00e4hrungsberatung (online und in Pr\u00e4senz)\u2013 Pr\u00e4ventionsprogramme\u2013 Digitale Informationsprodukte\u2013 Online-Kurse\u2013 Verkauf von Nahrungserg\u00e4nzungsmitteln \u00a73 VertragsschlussDer Vertrag kommt durch Buchung und Zahlungsbest\u00e4tigung zustande. \u00a74 PreiseAlle Preise sind Endpreise.Gem\u00e4\u00df \u00a7 19 UStG wird keine Umsatzsteuer ausgewiesen. \u00a75 ZahlungsbedingungenDie [&hellip;]","og_url":"https:\/\/bezuglade.thedevelop.top\/en\/general-terms-and-conditions-agb\/","og_site_name":"Zentrum f\u00fcr Pr\u00e4vention und Ern\u00e4hrung","article_modified_time":"2026-02-21T21:26:03+00:00","og_image":[{"width":420,"height":335,"url":"https:\/\/bezuglade.thedevelop.top\/wp-content\/uploads\/2026\/02\/logo-czentrum.png","type":"image\/png"}],"twitter_card":"summary_large_image","twitter_misc":{"Est. reading time":"1 minute"},"schema":{"@context":"https:\/\/schema.org","@graph":[{"@type":"WebPage","@id":"https:\/\/bezuglade.thedevelop.top\/en\/general-terms-and-conditions-agb\/","url":"https:\/\/bezuglade.thedevelop.top\/en\/general-terms-and-conditions-agb\/","name":"General Terms and Conditions (AGB) - Zentrum f\u00fcr Pr\u00e4vention und Ern\u00e4hrung","isPartOf":{"@id":"https:\/\/bezuglade.thedevelop.top\/en\/#website"},"datePublished":"2026-02-20T20:57:44+00:00","dateModified":"2026-02-21T21:26:03+00:00","breadcrumb":{"@id":"https:\/\/bezuglade.thedevelop.top\/en\/general-terms-and-conditions-agb\/#breadcrumb"},"inLanguage":"en-US","potentialAction":[{"@type":"ReadAction","target":["https:\/\/bezuglade.thedevelop.top\/en\/general-terms-and-conditions-agb\/"]}]},{"@type":"BreadcrumbList","@id":"https:\/\/bezuglade.thedevelop.top\/en\/general-terms-and-conditions-agb\/#breadcrumb","itemListElement":[{"@type":"ListItem","position":1,"name":"Home","item":"https:\/\/bezuglade.thedevelop.top\/en\/home\/"},{"@type":"ListItem","position":2,"name":"General Terms and Conditions (AGB)"}]},{"@type":"WebSite","@id":"https:\/\/bezuglade.thedevelop.top\/en\/#website","url":"https:\/\/bezuglade.thedevelop.top\/en\/","name":"Zentrum f\u00fcr Pr\u00e4vention und Ern\u00e4hrung","description":"Evidenzbasierte Ern\u00e4hrungsberatung und Pr\u00e4vention in Berlin","publisher":{"@id":"https:\/\/bezuglade.thedevelop.top\/en\/#organization"},"alternateName":"Pr\u00e4vention & Ern\u00e4hrung Berlin","potentialAction":[{"@type":"SearchAction","target":{"@type":"EntryPoint","urlTemplate":"https:\/\/bezuglade.thedevelop.top\/en\/?s={search_term_string}"},"query-input":{"@type":"PropertyValueSpecification","valueRequired":true,"valueName":"search_term_string"}}],"inLanguage":"en-US"},{"@type":"Organization","@id":"https:\/\/bezuglade.thedevelop.top\/en\/#organization","name":"Zentrum f\u00fcr Pr\u00e4vention und Ern\u00e4hrung","alternateName":"Pr\u00e4vention & Ern\u00e4hrung Berlin","url":"https:\/\/bezuglade.thedevelop.top\/en\/","logo":{"@type":"ImageObject","inLanguage":"en-US","@id":"https:\/\/bezuglade.thedevelop.top\/en\/#\/schema\/logo\/image\/","url":"https:\/\/bezuglade.thedevelop.top\/wp-content\/uploads\/2026\/02\/logo-czentrum.png","contentUrl":"https:\/\/bezuglade.thedevelop.top\/wp-content\/uploads\/2026\/02\/logo-czentrum.png","width":420,"height":335,"caption":"Zentrum f\u00fcr Pr\u00e4vention und Ern\u00e4hrung"},"image":{"@id":"https:\/\/bezuglade.thedevelop.top\/en\/#\/schema\/logo\/image\/"}}]}},"_links":{"self":[{"href":"https:\/\/bezuglade.thedevelop.top\/en\/wp-json\/wp\/v2\/pages\/818","targetHints":{"allow":["GET"]}}],"collection":[{"href":"https:\/\/bezuglade.thedevelop.top\/en\/wp-json\/wp\/v2\/pages"}],"about":[{"href":"https:\/\/bezuglade.thedevelop.top\/en\/wp-json\/wp\/v2\/types\/page"}],"author":[{"embeddable":true,"href":"https:\/\/bezuglade.thedevelop.top\/en\/wp-json\/wp\/v2\/users\/1"}],"replies":[{"embeddable":true,"href":"https:\/\/bezuglade.thedevelop.top\/en\/wp-json\/wp\/v2\/comments?post=818"}],"version-history":[{"count":1,"href":"https:\/\/bezuglade.thedevelop.top\/en\/wp-json\/wp\/v2\/pages\/818\/revisions"}],"predecessor-version":[{"id":819,"href":"https:\/\/bezuglade.thedevelop.top\/en\/wp-json\/wp\/v2\/pages\/818\/revisions\/819"}],"wp:attachment":[{"href":"https:\/\/bezuglade.thedevelop.top\/en\/wp-json\/wp\/v2\/media?parent=818"}],"curies":[{"name":"wp","href":"https:\/\/api.w.org\/{rel}","templated":true}]}}